{"id":1260,"date":"2016-10-14T13:38:41","date_gmt":"2016-10-14T13:38:41","guid":{"rendered":"http:\/\/kimmidoll.hu\/shop\/fuzetek-airi\/"},"modified":"2018-03-14T16:01:38","modified_gmt":"2018-03-14T16:01:38","slug":"fuzetek-airi","status":"publish","type":"product","link":"https:\/\/kimmidoll.hu\/en\/shop\/fuzetek-airi\/","title":{"rendered":"F\u00fczetek &#8211; Airi"},"content":{"rendered":"<p>Kimmidoll F\u00fczetek &#8211; Airi &#8211; 3db kis alak\u00fa f\u00fczet \/1 sima, 2 cs\u00edkos<\/p>\n","protected":false},"excerpt":{"rendered":"<p>notebooks &#8211; Airi<\/p>\n","protected":false},"featured_media":1261,"comment_status":"closed","ping_status":"closed","template":"","meta":[],"product_cat":[22],"product_tag":[29],"aioseo_notices":[],"_links":{"self":[{"href":"https:\/\/kimmidoll.hu\/en\/wp-json\/wp\/v2\/product\/1260"}],"collection":[{"href":"https:\/\/kimmidoll.hu\/en\/wp-json\/wp\/v2\/product"}],"about":[{"href":"https:\/\/kimmidoll.hu\/en\/wp-json\/wp\/v2\/types\/product"}],"replies":[{"embeddable":true,"href":"https:\/\/kimmidoll.hu\/en\/wp-json\/wp\/v2\/comments?post=1260"}],"wp:featuredmedia":[{"embeddable":true,"href":"https:\/\/kimmidoll.hu\/en\/wp-json\/wp\/v2\/media\/1261"}],"wp:attachment":[{"href":"https:\/\/kimmidoll.hu\/en\/wp-json\/wp\/v2\/media?parent=1260"}],"wp:term":[{"taxonomy":"product_cat","embeddable":true,"href":"https:\/\/kimmidoll.hu\/en\/wp-json\/wp\/v2\/product_cat?post=1260"},{"taxonomy":"product_tag","embeddable":true,"href":"https:\/\/kimmidoll.hu\/en\/wp-json\/wp\/v2\/product_tag?post=1260"}],"curies":[{"name":"wp","href":"https:\/\/api.w.org\/{rel}","templated":true}]}}