{"id":1019,"date":"2016-09-30T07:44:58","date_gmt":"2016-09-30T07:44:58","guid":{"rendered":"http:\/\/kimmidoll.hu\/shop\/nyaklanc-tsuki\/"},"modified":"2025-03-25T06:31:20","modified_gmt":"2025-03-25T06:31:20","slug":"nyaklanc-tsuki","status":"publish","type":"product","link":"https:\/\/kimmidoll.hu\/en\/shop\/nyaklanc-tsuki\/","title":{"rendered":"Nyakl\u00e1nc &#8211; Natsuki &#8216;er\u0151s&#8217;"},"content":{"rendered":"<p>Kimmidoll Nyakl\u00e1nc \u2013 Natsuki, (l\u00e1nc hossza: 46cm + 8cm\/ baba: 4 cm)<\/p>\n","protected":false},"excerpt":{"rendered":"<p>Kimmidoll Nyakl\u00e1nc \u2013 Natsuki, (l\u00e1nc hossza: 46cm + 8cm\/ baba: 4 cm)<\/p>\n","protected":false},"featured_media":6174,"comment_status":"closed","ping_status":"closed","template":"","meta":[],"product_cat":[79,56,26],"product_tag":[80,57],"aioseo_notices":[],"_links":{"self":[{"href":"https:\/\/kimmidoll.hu\/en\/wp-json\/wp\/v2\/product\/1019"}],"collection":[{"href":"https:\/\/kimmidoll.hu\/en\/wp-json\/wp\/v2\/product"}],"about":[{"href":"https:\/\/kimmidoll.hu\/en\/wp-json\/wp\/v2\/types\/product"}],"replies":[{"embeddable":true,"href":"https:\/\/kimmidoll.hu\/en\/wp-json\/wp\/v2\/comments?post=1019"}],"wp:featuredmedia":[{"embeddable":true,"href":"https:\/\/kimmidoll.hu\/en\/wp-json\/wp\/v2\/media\/6174"}],"wp:attachment":[{"href":"https:\/\/kimmidoll.hu\/en\/wp-json\/wp\/v2\/media?parent=1019"}],"wp:term":[{"taxonomy":"product_cat","embeddable":true,"href":"https:\/\/kimmidoll.hu\/en\/wp-json\/wp\/v2\/product_cat?post=1019"},{"taxonomy":"product_tag","embeddable":true,"href":"https:\/\/kimmidoll.hu\/en\/wp-json\/wp\/v2\/product_tag?post=1019"}],"curies":[{"name":"wp","href":"https:\/\/api.w.org\/{rel}","templated":true}]}}