{"id":1003,"date":"2016-09-30T07:14:29","date_gmt":"2016-09-30T07:14:29","guid":{"rendered":"http:\/\/kimmidoll.hu\/shop\/nyaklanc-airi\/"},"modified":"2024-12-25T19:59:10","modified_gmt":"2024-12-25T19:59:10","slug":"nyaklanc-airi","status":"publish","type":"product","link":"https:\/\/kimmidoll.hu\/en\/shop\/nyaklanc-airi\/","title":{"rendered":"Nyakl\u00e1nc &#8211; Nobuko &#8216;\u00f6nbizalommal teli&#8217;"},"content":{"rendered":"<p>Kimmidoll Nyakl\u00e1nc &#8211; Nobuko, (l\u00e1nc hossza: 46cm, + 8cm\/ baba: 4 cm)<\/p>\n","protected":false},"excerpt":{"rendered":"<p>Kimmidoll Nyakl\u00e1nc &#8211; Nobuko, (l\u00e1nc hossza: 46cm, + 8cm\/ baba: 4 cm)<\/p>\n","protected":false},"featured_media":6175,"comment_status":"closed","ping_status":"closed","template":"","meta":[],"product_cat":[79,56,26],"product_tag":[80,57],"aioseo_notices":[],"_links":{"self":[{"href":"https:\/\/kimmidoll.hu\/en\/wp-json\/wp\/v2\/product\/1003"}],"collection":[{"href":"https:\/\/kimmidoll.hu\/en\/wp-json\/wp\/v2\/product"}],"about":[{"href":"https:\/\/kimmidoll.hu\/en\/wp-json\/wp\/v2\/types\/product"}],"replies":[{"embeddable":true,"href":"https:\/\/kimmidoll.hu\/en\/wp-json\/wp\/v2\/comments?post=1003"}],"wp:featuredmedia":[{"embeddable":true,"href":"https:\/\/kimmidoll.hu\/en\/wp-json\/wp\/v2\/media\/6175"}],"wp:attachment":[{"href":"https:\/\/kimmidoll.hu\/en\/wp-json\/wp\/v2\/media?parent=1003"}],"wp:term":[{"taxonomy":"product_cat","embeddable":true,"href":"https:\/\/kimmidoll.hu\/en\/wp-json\/wp\/v2\/product_cat?post=1003"},{"taxonomy":"product_tag","embeddable":true,"href":"https:\/\/kimmidoll.hu\/en\/wp-json\/wp\/v2\/product_tag?post=1003"}],"curies":[{"name":"wp","href":"https:\/\/api.w.org\/{rel}","templated":true}]}}