{"id":380,"date":"2016-08-02T11:56:04","date_gmt":"2016-08-02T11:56:04","guid":{"rendered":"http:\/\/kimmidoll.hu\/?page_id=380"},"modified":"2016-10-11T06:50:33","modified_gmt":"2016-10-11T06:50:33","slug":"kapcsolat","status":"publish","type":"page","link":"https:\/\/kimmidoll.hu\/en\/kapcsolat\/","title":{"rendered":"Aki &#8211; Karakter"},"content":{"rendered":"<h3 style=\"text-align: center;\">\u00a0Kimmidoll term\u00e9kek import\u0151re \u00e9s a web\u00e1ruh\u00e1z \u00fczemeltet\u0151je:<\/h3>\n<h1 style=\"text-align: center;\">Audio Szi-Ti Kft.<\/h1>\n<h4><strong><br \/>\n<\/strong><span style=\"text-decoration: underline;\">C\u00edmek, telefonsz\u00e1mok:<\/span><\/h4>\n<p>E-mail: info ( @ ) kimmidoll hu<br \/>\nWeb\u00e1ruh\u00e1z: http:\/\/kimmidoll.hu<br \/>\nTelefon: +3630 430-8458<br \/>\nPostac\u00edm: 1238 Budapest, T\u00e1ncsics M. u. 50.<\/p>\n<p>&nbsp;<\/p>\n<h4><span style=\"text-decoration: underline;\">C\u00e9gadatok:<\/span><\/h4>\n<p>C\u00e9g: Audio Szi-Ti Kft.<br \/>\nSz\u00e9khely: 1238 Budapest, T\u00e1ncsics M. u. 50.<br \/>\nAd\u00f3sz\u00e1m: 11875149-2-43<br \/>\nC\u00e9gjegyz\u00e9ksz\u00e1m: 01-09-956857<br \/>\nBanksz\u00e1mlavezet\u0151: Raiffeisen Bank Zrt.<br \/>\nBanksz\u00e1mlasz\u00e1m: 12010501-01077722-00100003<\/p>\n<p>&nbsp;<\/p>\n<h4><span style=\"text-decoration: underline;\">Adatkezel\u00e9s:<\/span><\/h4>\n<p>Web\u00e1ruh\u00e1z nyilv\u00e1ntart\u00e1si sz\u00e1ma: NAIH-97771\/2016.<br \/>\nAdatkezel\u00e9s nyilv\u00e1ntart\u00e1si sz\u00e1ma: NAIH-97772\/2016.<\/p>\n","protected":false},"excerpt":{"rendered":"<p>\u00a0Kimmidoll term\u00e9kek import\u0151re \u00e9s a web\u00e1ruh\u00e1z \u00fczemeltet\u0151je: Audio Szi-Ti Kft. C\u00edmek, telefonsz\u00e1mok: E-mail: info ( @ ) kimmidoll hu Web\u00e1ruh\u00e1z: http:\/\/kimmidoll.hu Telefon: +3630 430-8458 Postac\u00edm: 1238 Budapest, T\u00e1ncsics M. u. 50. &nbsp; C\u00e9gadatok: C\u00e9g: Audio Szi-Ti Kft. Sz\u00e9khely: 1238 Budapest, T\u00e1ncsics M. u. 50. Ad\u00f3sz\u00e1m: 11875149-2-43 C\u00e9gjegyz\u00e9ksz\u00e1m: 01-09-956857 Banksz\u00e1mlavezet\u0151: Raiffeisen Bank Zrt. Banksz\u00e1mlasz\u00e1m: 12010501-01077722-00100003 &nbsp; [&hellip;]<\/p>\n","protected":false},"author":1,"featured_media":0,"parent":0,"menu_order":0,"comment_status":"closed","ping_status":"closed","template":"","meta":{"footnotes":""},"aioseo_notices":[],"_links":{"self":[{"href":"https:\/\/kimmidoll.hu\/en\/wp-json\/wp\/v2\/pages\/380"}],"collection":[{"href":"https:\/\/kimmidoll.hu\/en\/wp-json\/wp\/v2\/pages"}],"about":[{"href":"https:\/\/kimmidoll.hu\/en\/wp-json\/wp\/v2\/types\/page"}],"author":[{"embeddable":true,"href":"https:\/\/kimmidoll.hu\/en\/wp-json\/wp\/v2\/users\/1"}],"replies":[{"embeddable":true,"href":"https:\/\/kimmidoll.hu\/en\/wp-json\/wp\/v2\/comments?post=380"}],"version-history":[{"count":13,"href":"https:\/\/kimmidoll.hu\/en\/wp-json\/wp\/v2\/pages\/380\/revisions"}],"predecessor-version":[{"id":1097,"href":"https:\/\/kimmidoll.hu\/en\/wp-json\/wp\/v2\/pages\/380\/revisions\/1097"}],"wp:attachment":[{"href":"https:\/\/kimmidoll.hu\/en\/wp-json\/wp\/v2\/media?parent=380"}],"curies":[{"name":"wp","href":"https:\/\/api.w.org\/{rel}","templated":true}]}}