{"id":351,"date":"2016-08-01T13:13:05","date_gmt":"2016-08-01T13:13:05","guid":{"rendered":"http:\/\/kimmidoll.hu\/?page_id=351"},"modified":"2024-02-16T13:08:25","modified_gmt":"2024-02-16T13:08:25","slug":"vasarlasi-informaciok","status":"publish","type":"page","link":"https:\/\/kimmidoll.hu\/en\/vasarlasi-informaciok\/","title":{"rendered":""},"content":{"rendered":"<p><strong>Internetes megrendel\u00e9s weboldalunkon:<\/strong><br \/>\nAz adatlapban megadott adatokkal a befutott megrendel\u00e9st ellen\u0151rz\u00e9s c\u00e9lj\u00e1b\u00f3l <strong>automatikusan eljuttatjuk a megrendel\u0151 \u00e1ltal megadott e-mail c\u00edmre<\/strong>. Egy meger\u0151s\u00edt\u0151 linken kereszt\u00fcl egyeztetj\u00fck \u00e9s ellen\u0151rizz\u00fck a rendel\u00e9s val\u00f3s\u00e1g tartalm\u00e1t. Ezzel szolg\u00e1ljuk mind a megrendel\u0151ink, mind a saj\u00e1t biztons\u00e1gunkat. (a bejelentkez\u00e9s nem lesz sikeres, ha nincs meger\u0151s\u00edtve a kapott linken kereszt\u00fcl. Az \u00faj jelsz\u00f3 k\u00e9r\u00e9se eset\u00e9n is sz\u00fcks\u00e9g van meger\u0151s\u00edt\u00e9sre)<\/p>\n<p><strong>citromail, freemail:<\/strong><br \/>\nAmennyiben citromail, vagy freemail levelez\u0151rendszert haszn\u00e1lsz, az al\u00e1bbi fi\u00f3kbe\u00e1ll\u00edt\u00e1si m\u00f3dos\u00edt\u00e1sokat javasoljuk:<\/p>\n<ol>\n<li>Amennyiben nem a bej\u00f6v\u0151 fi\u00f3kban van a level\u00fcnk, akkor keresd meg a level\u00fcnket, majd jel\u00f6ld ki!<\/li>\n<li>Helyezd \u00e1t azt a bej\u00f6v\u0151 mapp\u00e1ba!<\/li>\n<li>Add hozz\u00e1 az email c\u00edm\u00fcnket (info@kimmidoll.hu) a megb\u00edzhat\u00f3 k\u00fcld\u0151k k\u00f6z\u00e9!<\/li>\n<\/ol>\n<p><strong>GMail:<\/strong><br \/>\nAmennyiben gmail levelez\u0151rendszert haszn\u00e1lsz, az al\u00e1bbi fi\u00f3kbe\u00e1ll\u00edt\u00e1si m\u00f3dos\u00edt\u00e1sokat javasoljuk:<\/p>\n<ol>\n<li>Kattints a Be\u00e9rkez\u0151 levelek (Inbox) feliratra a baloldalon!<\/li>\n<li>A list\u00e1ban keresd meg az egyik level\u00fcnket!<\/li>\n<li>H\u00fazd az \u00fczenetet az Els\u0151dleges (Primary) f\u00fclre!<\/li>\n<li>Nyomd le a bal eg\u00e9rgombot, majd vidd az egeret a f\u00fcl f\u00f6l\u00e9 \u00e9s engedd fel az eg\u00e9rgombot!<\/li>\n<li>Ezut\u00e1n a k\u00f6vetkez\u0151 level\u00fcnk m\u00e1r a t\u00e9nyleges be\u00e9rkez\u0151 levelek k\u00f6z\u00e9, az els\u0151dleges f\u00fcl al\u00e1 fog ker\u00fclni.<\/li>\n<\/ol>\n<p>Amennyiben a megrendel\u00e9st v\u00e9gleges\u00edteni szeretn\u00e9 \u00e9s ism\u00e9t a regiszt\u00e1rci\u00f3s adatlapot l\u00e1tja, az az\u00e9rt van mert nem t\u00f6rl\u0151dnek a \u201es\u00fctik\u201d a g\u00e9pr\u0151l \u00e9s a seccion id\u0151 m\u00e9g nem j\u00e1rt le. Ebben az esetben lentebb bal oldalon ism\u00e9t van egy bejelentkez\u00e9s \u00e9s jelsz\u00f3 be\u00edr\u00e1si lehet\u0151s\u00e9g, ott ism\u00e9t be kell \u00edrni a nevet \u00e9s a jelsz\u00f3t.<\/p>\n<p><strong>Sz\u00e1ll\u00edt\u00e1si k\u00f6lts\u00e9gek \u00e9s hat\u00e1rid\u0151k<\/strong><\/p>\n<table style=\"width: 767px;\" border=\"0\" cellspacing=\"0\" cellpadding=\"10\">\n<tbody>\n<tr style=\"height: 47px;\">\n<td style=\"width: 196.043px; height: 47px;\" valign=\"top\"><\/td>\n<td style=\"text-align: center; width: 52.957px; height: 47px;\" valign=\"top\">Szem\u00e9lyes \u00e1tv\u00e9tel:<\/td>\n<td style=\"text-align: center; width: 10px; height: 47px;\" valign=\"top\"><\/td>\n<td style=\"text-align: center; width: 58px; height: 47px;\" valign=\"top\">DPD:<\/td>\n<td style=\"width: 135px; height: 47px;\" valign=\"top\">PICK PACK PONT:<\/td>\n<td style=\"text-align: center; width: 235px; height: 47px;\" valign=\"top\">Napok:<\/td>\n<\/tr>\n<tr style=\"height: 46px;\">\n<td style=\"width: 196.043px; height: 46px;\" valign=\"top\">El\u0151re utal\u00e1s \/ Pay Pal (k\u00e1rty\u00e1s fizet\u00e9s)<\/td>\n<td style=\"text-align: center; width: 52.957px; height: 46px;\" valign=\"top\">0 Ft<\/td>\n<td style=\"text-align: center; width: 10px; height: 46px;\" valign=\"top\"><\/td>\n<td style=\"text-align: center; width: 58px; height: 46px;\" valign=\"top\">1.490 Ft<\/td>\n<td style=\"text-align: center; width: 135px; height: 46px;\" valign=\"top\">990 Ft<\/td>\n<td style=\"width: 235px; height: 46px;\" valign=\"top\">\u00f6sszeg banksz\u00e1ml\u00e1ra \u00e9rkez\u00e9se +3<\/td>\n<\/tr>\n<tr style=\"height: 23px;\">\n<td style=\"height: 23px; width: 196.043px;\" valign=\"top\"><\/td>\n<td style=\"text-align: center; width: 52.957px; height: 23px;\" valign=\"top\"><\/td>\n<td style=\"text-align: center; width: 10px; height: 23px;\" valign=\"top\"><\/td>\n<td style=\"text-align: center; width: 58px; height: 23px;\" valign=\"top\"><\/td>\n<td style=\"text-align: center; width: 135px; height: 23px;\" valign=\"top\"><\/td>\n<td style=\"width: 235px; height: 23px;\" valign=\"top\"><\/td>\n<\/tr>\n<tr style=\"height: 47px;\">\n<td style=\"width: 196.043px; height: 47px;\" valign=\"top\">Ut\u00e1nv\u00e9t:<\/td>\n<td style=\"text-align: center; width: 52.957px; height: 47px;\" valign=\"top\">&#8212;&#8212;-<\/td>\n<td style=\"text-align: center; width: 10px; height: 47px;\" valign=\"top\"><\/td>\n<td style=\"text-align: center; width: 58px; height: 47px;\" valign=\"top\">1.490 Ft<\/td>\n<td style=\"text-align: center; width: 135px; height: 47px;\" valign=\"top\">990 Ft Ft<\/td>\n<td style=\"width: 235px; height: 47px;\" valign=\"top\">rendel\u00e9s napja +max 3<\/td>\n<\/tr>\n<\/tbody>\n<\/table>\n<p>Pick-pack pontos sz\u00e1ll\u00edt\u00e1s eset\u00e9n a Sprinter k\u00fcld \u00e9rtes\u00edt\u0151 sms-t, amint \u00e1tvehet\u0151 a term\u00e9k. 7 napig tartj\u00e1k ott a csomagot, ut\u00e1na visszak\u00fcld\u00e9sre ker\u00fcl \u00e9s a rendel\u00e9s t\u00f6rl\u0151dik.<\/p>\n<p>DPD-s sz\u00e1ll\u00edt\u00e1s eset\u00e9n a DPD k\u00fcld sms-t a v\u00e1rhat\u00f3 kisz\u00e1ll\u00edt\u00e1s id\u0151pontj\u00e1r\u00f3l.<\/p>\n<p>Szem\u00e9lyes \u00e1tv\u00e9tel eset\u00e9n az info@kimmidoll.hu c\u00edmr\u0151l fog kapni e-mail-t, hogy mikort\u00f3l vehet\u0151 \u00e1t a rendel\u00e9s. 7 napig tartj\u00e1k ott a csomagot, ut\u00e1na visszak\u00fcld\u00e9sre ker\u00fcl \u00e9s a rendel\u00e9s t\u00f6rl\u0151dik.<\/p>\n<p>Szem\u00e9lyes \u00e1tv\u00e9teli pont: Cat Cafe Budapest (Budapest, R\u00e9vay u. 3, 1065)<\/p>\n","protected":false},"excerpt":{"rendered":"<p>Internetes megrendel\u00e9s weboldalunkon: Az adatlapban megadott adatokkal a befutott megrendel\u00e9st ellen\u0151rz\u00e9s c\u00e9lj\u00e1b\u00f3l automatikusan eljuttatjuk a megrendel\u0151 \u00e1ltal megadott e-mail c\u00edmre. Egy meger\u0151s\u00edt\u0151 linken kereszt\u00fcl egyeztetj\u00fck \u00e9s ellen\u0151rizz\u00fck a rendel\u00e9s val\u00f3s\u00e1g tartalm\u00e1t. Ezzel szolg\u00e1ljuk mind a megrendel\u0151ink, mind a saj\u00e1t biztons\u00e1gunkat. (a bejelentkez\u00e9s nem lesz sikeres, ha nincs meger\u0151s\u00edtve a kapott linken kereszt\u00fcl. Az \u00faj jelsz\u00f3 [&hellip;]<\/p>\n","protected":false},"author":1,"featured_media":0,"parent":0,"menu_order":0,"comment_status":"closed","ping_status":"closed","template":"","meta":{"footnotes":""},"aioseo_notices":[],"_links":{"self":[{"href":"https:\/\/kimmidoll.hu\/en\/wp-json\/wp\/v2\/pages\/351"}],"collection":[{"href":"https:\/\/kimmidoll.hu\/en\/wp-json\/wp\/v2\/pages"}],"about":[{"href":"https:\/\/kimmidoll.hu\/en\/wp-json\/wp\/v2\/types\/page"}],"author":[{"embeddable":true,"href":"https:\/\/kimmidoll.hu\/en\/wp-json\/wp\/v2\/users\/1"}],"replies":[{"embeddable":true,"href":"https:\/\/kimmidoll.hu\/en\/wp-json\/wp\/v2\/comments?post=351"}],"version-history":[{"count":10,"href":"https:\/\/kimmidoll.hu\/en\/wp-json\/wp\/v2\/pages\/351\/revisions"}],"predecessor-version":[{"id":5684,"href":"https:\/\/kimmidoll.hu\/en\/wp-json\/wp\/v2\/pages\/351\/revisions\/5684"}],"wp:attachment":[{"href":"https:\/\/kimmidoll.hu\/en\/wp-json\/wp\/v2\/media?parent=351"}],"curies":[{"name":"wp","href":"https:\/\/api.w.org\/{rel}","templated":true}]}}