{"id":349,"date":"2016-08-01T12:37:53","date_gmt":"2016-08-01T12:37:53","guid":{"rendered":"http:\/\/kimmidoll.hu\/fiokom\/"},"modified":"2018-05-27T18:34:08","modified_gmt":"2018-05-27T18:34:08","slug":"fiokom","status":"publish","type":"page","link":"https:\/\/kimmidoll.hu\/en\/fiokom\/","title":{"rendered":""},"content":{"rendered":"<p>&nbsp;<\/p>\n<p>Az oldal felhaszn\u00e1l\u00f3ja &#8211; <em>az \u00c1ltal\u00e1nos Adatv\u00e9delmi Rendelet (GDPR) 6. cikk (1) bekezd\u00e9s b) pontja, tov\u00e1bb\u00e1 a 7. cikk rendelkez\u00e9se alapj\u00e1n &#8211; tudom\u00e1sul veszem, hogy az adatkezel\u0151 a most megadott szem\u00e9lyes adataimat a <a href=\"http:\/\/kimmidoll.hu\/adatvedelem\/\" target=\"_blank\">GDPR, tov\u00e1bb\u00e1 a saj\u00e1t adatv\u00e9delmi szab\u00e1lyzat\u00e1nak<\/a> felt\u00e9telei szerint kezelheti<\/em> &#8211; hozz\u00e1j\u00e1rul \u00e9s elfogadja az <a href=\"http:\/\/kimmidoll.hu\/adatvedelem\/\" target=\"_blank\">adatv\u00e9delmi szab\u00e1lyzatot<\/a>!<\/p>\n<p>&nbsp;<\/p>\n<div class=\"woocommerce\"><\/div>\n","protected":false},"excerpt":{"rendered":"<p>&nbsp; Az oldal felhaszn\u00e1l\u00f3ja &#8211; az \u00c1ltal\u00e1nos Adatv\u00e9delmi Rendelet (GDPR) 6. cikk (1) bekezd\u00e9s b) pontja, tov\u00e1bb\u00e1 a 7. cikk rendelkez\u00e9se alapj\u00e1n &#8211; tudom\u00e1sul veszem, hogy az adatkezel\u0151 a most megadott szem\u00e9lyes adataimat a GDPR, tov\u00e1bb\u00e1 a saj\u00e1t adatv\u00e9delmi szab\u00e1lyzat\u00e1nak felt\u00e9telei szerint kezelheti &#8211; hozz\u00e1j\u00e1rul \u00e9s elfogadja az adatv\u00e9delmi szab\u00e1lyzatot! &nbsp;<\/p>\n","protected":false},"author":1,"featured_media":0,"parent":0,"menu_order":0,"comment_status":"closed","ping_status":"closed","template":"","meta":{"footnotes":""},"aioseo_notices":[],"_links":{"self":[{"href":"https:\/\/kimmidoll.hu\/en\/wp-json\/wp\/v2\/pages\/349"}],"collection":[{"href":"https:\/\/kimmidoll.hu\/en\/wp-json\/wp\/v2\/pages"}],"about":[{"href":"https:\/\/kimmidoll.hu\/en\/wp-json\/wp\/v2\/types\/page"}],"author":[{"embeddable":true,"href":"https:\/\/kimmidoll.hu\/en\/wp-json\/wp\/v2\/users\/1"}],"replies":[{"embeddable":true,"href":"https:\/\/kimmidoll.hu\/en\/wp-json\/wp\/v2\/comments?post=349"}],"version-history":[{"count":8,"href":"https:\/\/kimmidoll.hu\/en\/wp-json\/wp\/v2\/pages\/349\/revisions"}],"predecessor-version":[{"id":2690,"href":"https:\/\/kimmidoll.hu\/en\/wp-json\/wp\/v2\/pages\/349\/revisions\/2690"}],"wp:attachment":[{"href":"https:\/\/kimmidoll.hu\/en\/wp-json\/wp\/v2\/media?parent=349"}],"curies":[{"name":"wp","href":"https:\/\/api.w.org\/{rel}","templated":true}]}}