{"id":1092,"date":"2016-10-11T06:42:10","date_gmt":"2016-10-11T06:42:10","guid":{"rendered":"http:\/\/kimmidoll.hu\/?page_id=1092"},"modified":"2024-02-16T13:08:08","modified_gmt":"2024-02-16T13:08:08","slug":"online-ugyfelszolgalat","status":"publish","type":"page","link":"https:\/\/kimmidoll.hu\/en\/online-ugyfelszolgalat\/","title":{"rendered":"Online \u00fcgyf\u00e9lszolg\u00e1lat"},"content":{"rendered":"\n<div class=\"wpcf7 no-js\" id=\"wpcf7-f4-o1\" lang=\"hu-HU\" dir=\"ltr\">\n<div class=\"screen-reader-response\"><p role=\"status\" aria-live=\"polite\" aria-atomic=\"true\"><\/p> <ul><\/ul><\/div>\n<form action=\"\/en\/wp-json\/wp\/v2\/pages\/1092#wpcf7-f4-o1\" method=\"post\" class=\"wpcf7-form init\" aria-label=\"Kapcsolatfelv\u00e9teli \u0171rlap\" novalidate=\"novalidate\" data-status=\"init\">\n<div style=\"display: none;\">\n<input type=\"hidden\" name=\"_wpcf7\" value=\"4\" \/>\n<input type=\"hidden\" name=\"_wpcf7_version\" value=\"5.9.8\" \/>\n<input type=\"hidden\" name=\"_wpcf7_locale\" value=\"hu_HU\" \/>\n<input type=\"hidden\" name=\"_wpcf7_unit_tag\" value=\"wpcf7-f4-o1\" \/>\n<input type=\"hidden\" name=\"_wpcf7_container_post\" value=\"0\" \/>\n<input type=\"hidden\" name=\"_wpcf7_posted_data_hash\" value=\"\" \/>\n<\/div>\n<h4>Az \u0171rlap haszn\u00e1lat\u00e1hoz az adatv\u00e9delmi szab\u00e1lyzat elfogad\u00e1sa (k\u00f6telez\u0151): <span class=\"wpcf7-form-control-wrap\" data-name=\"privacy-checkbox\"><span class=\"wpcf7-form-control wpcf7-acceptance\"><span class=\"wpcf7-list-item\"><input type=\"checkbox\" name=\"privacy-checkbox\" value=\"1\" aria-invalid=\"false\" \/><\/span><\/span><\/span>\n<\/h4>\n<p>A fenti jel\u00f6l\u0151n\u00e9gyzet pip\u00e1l\u00e1s\u00e1val \u00d6n egyet\u00e9rt azzal, hogy az ezen weboldalon az AUDI\u00d3 Szi-Ti Kft. az <a href=\"http:\/\/kimmidoll.hu\/adatvedelem\/\" target=\"_blank\">adatv\u00e9delmi szab\u00e1lyzatban<\/a> foglaltak szerint t\u00e1rolja az \u00d6n \u00e1ltal megadott adatait!\n<\/p>\n<p>N\u00e9v (k\u00f6telez\u0151)\n<\/p>\n<p><span class=\"wpcf7-form-control-wrap\" data-name=\"your-name\"><input size=\"40\" maxlength=\"400\" class=\"wpcf7-form-control wpcf7-text wpcf7-validates-as-required\" aria-required=\"true\" aria-invalid=\"false\" value=\"\" type=\"text\" name=\"your-name\" \/><\/span>\n<\/p>\n<p>Telefon: (k\u00f6telez\u0151)\n<\/p>\n<p><span class=\"wpcf7-form-control-wrap\" data-name=\"Telefon\"><input size=\"40\" maxlength=\"400\" class=\"wpcf7-form-control wpcf7-tel wpcf7-validates-as-required wpcf7-text wpcf7-validates-as-tel\" aria-required=\"true\" aria-invalid=\"false\" value=\"\" type=\"tel\" name=\"Telefon\" \/><\/span>\n<\/p>\n<p>Email c\u00edm: (k\u00f6telez\u0151)\n<\/p>\n<p><span class=\"wpcf7-form-control-wrap\" data-name=\"your-email\"><input size=\"40\" maxlength=\"400\" class=\"wpcf7-form-control wpcf7-email wpcf7-validates-as-required wpcf7-text wpcf7-validates-as-email\" aria-required=\"true\" aria-invalid=\"false\" value=\"\" type=\"email\" name=\"your-email\" \/><\/span>\n<\/p>\n<p>K\u00e9rj\u00fck, v\u00e1lasszon t\u00e9m\u00e1t:\n<\/p>\n<p><span class=\"wpcf7-form-control-wrap\" data-name=\"menu-theme\"><select class=\"wpcf7-form-control wpcf7-select\" aria-invalid=\"false\" name=\"menu-theme\"><option value=\"\"><\/option><option value=\"\u00c9rdekl\u0151d\u00e9s term\u00e9keinkr\u0151l\">\u00c9rdekl\u0151d\u00e9s term\u00e9keinkr\u0151l<\/option><option value=\"Sz\u00e1ll\u00edt\u00e1si inform\u00e1ci\u00f3k\">Sz\u00e1ll\u00edt\u00e1si inform\u00e1ci\u00f3k<\/option><option value=\"V\u00e1s\u00e1rl\u00e1ssal kapcsolatos visszajelz\u00e9s, \u00e9lm\u00e9ny\">V\u00e1s\u00e1rl\u00e1ssal kapcsolatos visszajelz\u00e9s, \u00e9lm\u00e9ny<\/option><option value=\"Web\u00e1ruh\u00e1z t\u00e1mogat\u00e1s, seg\u00edts\u00e9g\">Web\u00e1ruh\u00e1z t\u00e1mogat\u00e1s, seg\u00edts\u00e9g<\/option><option value=\"Web\u00e1ruh\u00e1z hibabejelent\u00e9s\">Web\u00e1ruh\u00e1z hibabejelent\u00e9s<\/option><option value=\"Reklam\u00e1ci\u00f3, panasz\">Reklam\u00e1ci\u00f3, panasz<\/option><option value=\"Egy\u00e9b nem kategoriz\u00e1lt t\u00e9ma\">Egy\u00e9b nem kategoriz\u00e1lt t\u00e9ma<\/option><\/select><\/span>\n<\/p>\n<p>T\u00e1rgy: (k\u00f6telez\u0151)\n<\/p>\n<p><span class=\"wpcf7-form-control-wrap\" data-name=\"your-subject\"><input size=\"40\" maxlength=\"400\" class=\"wpcf7-form-control wpcf7-text wpcf7-validates-as-required\" aria-required=\"true\" aria-invalid=\"false\" value=\"\" type=\"text\" name=\"your-subject\" \/><\/span>\n<\/p>\n<p>\u00dczenet: (k\u00f6telez\u0151)\n<\/p>\n<p><span class=\"wpcf7-form-control-wrap\" data-name=\"your-message\"><textarea cols=\"40\" rows=\"10\" maxlength=\"2000\" class=\"wpcf7-form-control wpcf7-textarea wpcf7-validates-as-required\" aria-required=\"true\" aria-invalid=\"false\" name=\"your-message\"><\/textarea><\/span>\n<\/p>\n<p>[recaptcha]\n<\/p>\n<p><input class=\"wpcf7-form-control wpcf7-submit has-spinner\" type=\"submit\" value=\"K\u00fcld\u00e9s\" \/>\n<\/p><div class=\"wpcf7-response-output\" aria-hidden=\"true\"><\/div>\n<\/form>\n<\/div>\n\n","protected":false},"excerpt":{"rendered":"","protected":false},"author":1,"featured_media":0,"parent":0,"menu_order":0,"comment_status":"closed","ping_status":"closed","template":"","meta":{"footnotes":""},"aioseo_notices":[],"_links":{"self":[{"href":"https:\/\/kimmidoll.hu\/en\/wp-json\/wp\/v2\/pages\/1092"}],"collection":[{"href":"https:\/\/kimmidoll.hu\/en\/wp-json\/wp\/v2\/pages"}],"about":[{"href":"https:\/\/kimmidoll.hu\/en\/wp-json\/wp\/v2\/types\/page"}],"author":[{"embeddable":true,"href":"https:\/\/kimmidoll.hu\/en\/wp-json\/wp\/v2\/users\/1"}],"replies":[{"embeddable":true,"href":"https:\/\/kimmidoll.hu\/en\/wp-json\/wp\/v2\/comments?post=1092"}],"version-history":[{"count":2,"href":"https:\/\/kimmidoll.hu\/en\/wp-json\/wp\/v2\/pages\/1092\/revisions"}],"predecessor-version":[{"id":5683,"href":"https:\/\/kimmidoll.hu\/en\/wp-json\/wp\/v2\/pages\/1092\/revisions\/5683"}],"wp:attachment":[{"href":"https:\/\/kimmidoll.hu\/en\/wp-json\/wp\/v2\/media?parent=1092"}],"curies":[{"name":"wp","href":"https:\/\/api.w.org\/{rel}","templated":true}]}}