{"id":1085,"date":"2016-10-11T06:26:07","date_gmt":"2016-10-11T06:26:07","guid":{"rendered":"http:\/\/kimmidoll.hu\/?page_id=1085"},"modified":"2024-02-16T13:07:39","modified_gmt":"2024-02-16T13:07:39","slug":"dokumentumtar","status":"publish","type":"page","link":"https:\/\/kimmidoll.hu\/en\/dokumentumtar\/","title":{"rendered":"Dokumentumt\u00e1r"},"content":{"rendered":"<h4>Kimmidoll.hu &#8211; 2016.<\/h4>\n<h2 style=\"text-align: center;\">kimmidoll.hu<\/h2>\n<h2 style=\"text-align: center;\"><strong>Let\u00f6lthet\u0151 nyomtatv\u00e1nyok, jegyz\u0151k\u00f6nyvek<\/strong><\/h2>\n<p>&nbsp;<\/p>\n<ul>\n<li><strong>Kimmidoll.hu &#8211; El\u00e1ll\u00e1si nyilatkozat<\/strong> <strong>minta<\/strong> <a href=\"http:\/\/kimmidoll.hu\/wp-content\/uploads\/Elallasi-jog-nyilatkozat-minta.pdf\" target=\"_blank\" rel=\"noopener\">a linkre kattintva, pdf form\u00e1tumban let\u00f6lthet\u0151!<\/a><\/li>\n<\/ul>\n<hr \/>\n<ul>\n<li><strong>Kimmidoll.hu &#8211; Panaszfelv\u00e9teli jegyz\u0151k\u00f6nyv<\/strong>\u00a0<strong>minta<\/strong> <a href=\"http:\/\/kimmidoll.hu\/wp-content\/uploads\/Panaszfelveteli-jegyzokonyv-minta.pdf\" target=\"_blank\" rel=\"noopener\">a linkre kattintva, pdf form\u00e1tumban let\u00f6lthet\u0151!<\/a><\/li>\n<\/ul>\n<hr \/>\n<ul>\n<li><strong>Kimmidoll.hu &#8211; Jegyz\u0151k\u00f6nyv Szavatoss\u00e1gi ig\u00e9ny felv\u00e9tel\u00e9hez<\/strong>\u00a0<strong>minta<\/strong> <a href=\"http:\/\/kimmidoll.hu\/wp-content\/uploads\/Szavatossag-kezelesi-jegyzokonyv-minta.pdf\" target=\"_blank\" rel=\"noopener\">a linkre kattintva, pdf form\u00e1tumban let\u00f6lthet\u0151!<\/a><\/li>\n<\/ul>\n<hr \/>\n<ul>\n<li><strong>Kimmidoll.hu &#8211; Jegyz\u0151k\u00f6nyv adatv\u00e9delmi incidensr\u0151l<\/strong>\u00a0<strong>minta<\/strong> <a href=\"http:\/\/kimmidoll.hu\/wp-content\/uploads\/Adatvedelmi-incidens-jegyzokonyv-minta.pdf\" target=\"_blank\" rel=\"noopener\">a linkre kattintva, pdf form\u00e1tumban let\u00f6lthet\u0151!<\/a><\/li>\n<\/ul>\n","protected":false},"excerpt":{"rendered":"<p>Kimmidoll.hu &#8211; 2016. kimmidoll.hu Let\u00f6lthet\u0151 nyomtatv\u00e1nyok, jegyz\u0151k\u00f6nyvek &nbsp; Kimmidoll.hu &#8211; El\u00e1ll\u00e1si nyilatkozat minta a linkre kattintva, pdf form\u00e1tumban let\u00f6lthet\u0151! Kimmidoll.hu &#8211; Panaszfelv\u00e9teli jegyz\u0151k\u00f6nyv\u00a0minta a linkre kattintva, pdf form\u00e1tumban let\u00f6lthet\u0151! Kimmidoll.hu &#8211; Jegyz\u0151k\u00f6nyv Szavatoss\u00e1gi ig\u00e9ny felv\u00e9tel\u00e9hez\u00a0minta a linkre kattintva, pdf form\u00e1tumban let\u00f6lthet\u0151! Kimmidoll.hu &#8211; Jegyz\u0151k\u00f6nyv adatv\u00e9delmi incidensr\u0151l\u00a0minta a linkre kattintva, pdf form\u00e1tumban let\u00f6lthet\u0151!<\/p>\n","protected":false},"author":1,"featured_media":0,"parent":0,"menu_order":0,"comment_status":"closed","ping_status":"closed","template":"","meta":{"footnotes":""},"aioseo_notices":[],"_links":{"self":[{"href":"https:\/\/kimmidoll.hu\/en\/wp-json\/wp\/v2\/pages\/1085"}],"collection":[{"href":"https:\/\/kimmidoll.hu\/en\/wp-json\/wp\/v2\/pages"}],"about":[{"href":"https:\/\/kimmidoll.hu\/en\/wp-json\/wp\/v2\/types\/page"}],"author":[{"embeddable":true,"href":"https:\/\/kimmidoll.hu\/en\/wp-json\/wp\/v2\/users\/1"}],"replies":[{"embeddable":true,"href":"https:\/\/kimmidoll.hu\/en\/wp-json\/wp\/v2\/comments?post=1085"}],"version-history":[{"count":7,"href":"https:\/\/kimmidoll.hu\/en\/wp-json\/wp\/v2\/pages\/1085\/revisions"}],"predecessor-version":[{"id":5680,"href":"https:\/\/kimmidoll.hu\/en\/wp-json\/wp\/v2\/pages\/1085\/revisions\/5680"}],"wp:attachment":[{"href":"https:\/\/kimmidoll.hu\/en\/wp-json\/wp\/v2\/media?parent=1085"}],"curies":[{"name":"wp","href":"https:\/\/api.w.org\/{rel}","templated":true}]}}