{"id":1072,"date":"2016-10-11T05:33:31","date_gmt":"2016-10-11T05:33:31","guid":{"rendered":"http:\/\/kimmidoll.hu\/?page_id=1072"},"modified":"2024-02-16T13:07:04","modified_gmt":"2024-02-16T13:07:04","slug":"adatvedelem","status":"publish","type":"page","link":"https:\/\/kimmidoll.hu\/en\/adatvedelem\/","title":{"rendered":"Adatv\u00e9delem"},"content":{"rendered":"<p>Audi\u00f3 Szi-Ti Kft<\/p>\n<p>Adatv\u00e9delmi szab\u00e1lyzat<\/p>\n<a href=\"https:\/\/kimmidoll.hu\/wp-content\/uploads\/Adatvedelmi_szab\u00e1lyzatl.pdf\" class=\"pdfemb-viewer\" style=\"\" data-width=\"max\" data-height=\"max\" data-toolbar=\"both\" data-toolbar-fixed=\"on\">adatvedelmi_szabalyzatl<\/a>\n","protected":false},"excerpt":{"rendered":"<p>Audi\u00f3 Szi-Ti Kft Adatv\u00e9delmi szab\u00e1lyzat<\/p>\n","protected":false},"author":1,"featured_media":0,"parent":0,"menu_order":0,"comment_status":"closed","ping_status":"closed","template":"","meta":{"footnotes":""},"aioseo_notices":[],"_links":{"self":[{"href":"https:\/\/kimmidoll.hu\/en\/wp-json\/wp\/v2\/pages\/1072"}],"collection":[{"href":"https:\/\/kimmidoll.hu\/en\/wp-json\/wp\/v2\/pages"}],"about":[{"href":"https:\/\/kimmidoll.hu\/en\/wp-json\/wp\/v2\/types\/page"}],"author":[{"embeddable":true,"href":"https:\/\/kimmidoll.hu\/en\/wp-json\/wp\/v2\/users\/1"}],"replies":[{"embeddable":true,"href":"https:\/\/kimmidoll.hu\/en\/wp-json\/wp\/v2\/comments?post=1072"}],"version-history":[{"count":6,"href":"https:\/\/kimmidoll.hu\/en\/wp-json\/wp\/v2\/pages\/1072\/revisions"}],"predecessor-version":[{"id":5678,"href":"https:\/\/kimmidoll.hu\/en\/wp-json\/wp\/v2\/pages\/1072\/revisions\/5678"}],"wp:attachment":[{"href":"https:\/\/kimmidoll.hu\/en\/wp-json\/wp\/v2\/media?parent=1072"}],"curies":[{"name":"wp","href":"https:\/\/api.w.org\/{rel}","templated":true}]}}