{"id":1054,"date":"2016-10-11T06:57:25","date_gmt":"2016-10-11T06:57:25","guid":{"rendered":"http:\/\/kimmidoll.hu\/?page_id=1054"},"modified":"2024-02-16T13:07:48","modified_gmt":"2024-02-16T13:07:48","slug":"informaciok","status":"publish","type":"page","link":"https:\/\/kimmidoll.hu\/en\/informaciok\/","title":{"rendered":"Inform\u00e1ci\u00f3k"},"content":{"rendered":"<h3 style=\"text-align: center;\">kimmidoll.hu<\/h3>\n<h3 style=\"text-align: center;\">Fontos inform\u00e1ci\u00f3k, linkek<\/h3>\n<ul>\n<li>kimmidoll.hu &#8211; <a href=\"http:\/\/kimmidoll.hu\/hu\/aszf\/\">\u00c1ltal\u00e1nos Szerz\u0151d\u00e9si Felt\u00e9telek<\/a><\/li>\n<li>kimmidoll.hu &#8211; <a href=\"http:\/\/kimmidoll.hu\/hu\/vasarlasi-informaciok\/\">V\u00e1s\u00e1rl\u00e1si inform\u00e1ci\u00f3k<\/a><\/li>\n<li>kimmidoll.hu &#8211; <a href=\"http:\/\/kimmidoll.hu\/hu\/adatvedelem\/\">Adatkezel\u00e9si t\u00e1j\u00e9koztat\u00f3<\/a><\/li>\n<li>kimmidoll.hu &#8211; <a href=\"http:\/\/kimmidoll.hu\/hu\/dokumentumtar\/\">Let\u00f6lthet\u0151 nyomtatv\u00e1nyok, jegyz\u0151k\u00f6nyvek<\/a><\/li>\n<li>kimmidoll.hu &#8211; <a href=\"http:\/\/kimmidoll.hu\/hu\/kapcsolat\/\">Kapcsolat<\/a><\/li>\n<li>kimmidoll.hu &#8211; <a href=\"http:\/\/kimmidoll.hu\/hu\/online-ugyfelszolgalat\/\">Online \u00fcgyf\u00e9lszolg\u00e1lat<\/a><\/li>\n<\/ul>\n","protected":false},"excerpt":{"rendered":"<p>kimmidoll.hu Fontos inform\u00e1ci\u00f3k, linkek kimmidoll.hu &#8211; \u00c1ltal\u00e1nos Szerz\u0151d\u00e9si Felt\u00e9telek kimmidoll.hu &#8211; V\u00e1s\u00e1rl\u00e1si inform\u00e1ci\u00f3k kimmidoll.hu &#8211; Adatkezel\u00e9si t\u00e1j\u00e9koztat\u00f3 kimmidoll.hu &#8211; Let\u00f6lthet\u0151 nyomtatv\u00e1nyok, jegyz\u0151k\u00f6nyvek kimmidoll.hu &#8211; Kapcsolat kimmidoll.hu &#8211; Online \u00fcgyf\u00e9lszolg\u00e1lat<\/p>\n","protected":false},"author":1,"featured_media":0,"parent":0,"menu_order":0,"comment_status":"closed","ping_status":"closed","template":"","meta":{"footnotes":""},"aioseo_notices":[],"_links":{"self":[{"href":"https:\/\/kimmidoll.hu\/en\/wp-json\/wp\/v2\/pages\/1054"}],"collection":[{"href":"https:\/\/kimmidoll.hu\/en\/wp-json\/wp\/v2\/pages"}],"about":[{"href":"https:\/\/kimmidoll.hu\/en\/wp-json\/wp\/v2\/types\/page"}],"author":[{"embeddable":true,"href":"https:\/\/kimmidoll.hu\/en\/wp-json\/wp\/v2\/users\/1"}],"replies":[{"embeddable":true,"href":"https:\/\/kimmidoll.hu\/en\/wp-json\/wp\/v2\/comments?post=1054"}],"version-history":[{"count":5,"href":"https:\/\/kimmidoll.hu\/en\/wp-json\/wp\/v2\/pages\/1054\/revisions"}],"predecessor-version":[{"id":5681,"href":"https:\/\/kimmidoll.hu\/en\/wp-json\/wp\/v2\/pages\/1054\/revisions\/5681"}],"wp:attachment":[{"href":"https:\/\/kimmidoll.hu\/en\/wp-json\/wp\/v2\/media?parent=1054"}],"curies":[{"name":"wp","href":"https:\/\/api.w.org\/{rel}","templated":true}]}}